{"id":50,"date":"2026-03-18T13:13:20","date_gmt":"2026-03-18T12:13:20","guid":{"rendered":"http:\/\/localhost:8080\/dbwptest2\/?page_id=50"},"modified":"2026-03-19T11:12:23","modified_gmt":"2026-03-19T10:12:23","slug":"home","status":"publish","type":"page","link":"http:\/\/apta55.web.videndjurs.dk\/apta2wp\/","title":{"rendered":"Home"},"content":{"rendered":"\n<h2 class=\"wp-block-heading has-text-align-center is-style-text-display has-x-large-font-size is-style-text-display--1\">HER KAN DU SE HVILKEN DAG DET ER<\/h2>\n\n\n<div class=\"wp-block-calendar\"><table id=\"wp-calendar\" class=\"wp-calendar-table\">\n\t<caption>april 2026<\/caption>\n\t<thead>\n\t<tr>\n\t\t<th scope=\"col\" aria-label=\"mandag\">M<\/th>\n\t\t<th scope=\"col\" aria-label=\"tirsdag\">Ti<\/th>\n\t\t<th scope=\"col\" aria-label=\"onsdag\">O<\/th>\n\t\t<th scope=\"col\" aria-label=\"torsdag\">To<\/th>\n\t\t<th scope=\"col\" aria-label=\"fredag\">F<\/th>\n\t\t<th scope=\"col\" aria-label=\"l\u00f8rdag\">L<\/th>\n\t\t<th scope=\"col\" aria-label=\"s\u00f8ndag\">S<\/th>\n\t<\/tr>\n\t<\/thead>\n\t<tbody>\n\t<tr>\n\t\t<td colspan=\"2\" class=\"pad\">&nbsp;<\/td><td>1<\/td><td>2<\/td><td>3<\/td><td>4<\/td><td id=\"today\">5<\/td>\n\t<\/tr>\n\t<tr>\n\t\t<td>6<\/td><td>7<\/td><td>8<\/td><td>9<\/td><td>10<\/td><td>11<\/td><td>12<\/td>\n\t<\/tr>\n\t<tr>\n\t\t<td>13<\/td><td>14<\/td><td>15<\/td><td>16<\/td><td>17<\/td><td>18<\/td><td>19<\/td>\n\t<\/tr>\n\t<tr>\n\t\t<td>20<\/td><td>21<\/td><td>22<\/td><td>23<\/td><td>24<\/td><td>25<\/td><td>26<\/td>\n\t<\/tr>\n\t<tr>\n\t\t<td>27<\/td><td>28<\/td><td>29<\/td><td>30<\/td>\n\t\t<td class=\"pad\" colspan=\"3\">&nbsp;<\/td>\n\t<\/tr>\n\t<\/tbody>\n\t<\/table><nav aria-label=\"Forrige og n\u00e6ste m\u00e5neder\" class=\"wp-calendar-nav\">\n\t\t<span class=\"wp-calendar-nav-prev\"><a href=\"http:\/\/apta55.web.videndjurs.dk\/apta2wp\/2026\/03\/\">&laquo; mar<\/a><\/span>\n\t\t<span class=\"pad\">&nbsp;<\/span>\n\t\t<span class=\"wp-calendar-nav-next\">&nbsp;<\/span>\n\t<\/nav><\/div>\n\n\n<hr class=\"wp-block-separator has-alpha-channel-opacity\"\/>\n\n\n\n<div class=\"wp-block-columns is-layout-flex wp-container-core-columns-is-layout-28f84493 wp-block-columns-is-layout-flex\">\n<div class=\"wp-block-column is-layout-flow wp-block-column-is-layout-flow\">\n<figure class=\"wp-block-gallery has-nested-images columns-default is-cropped wp-block-gallery-3 is-layout-flex wp-block-gallery-is-layout-flex\" style=\"border-top-left-radius:0px;border-top-right-radius:0px;border-bottom-left-radius:0px;border-bottom-right-radius:0px\">\n<figure data-wp-context=\"{&quot;imageId&quot;:&quot;69d25aaeb42af&quot;}\" data-wp-interactive=\"core\/image\" data-wp-key=\"69d25aaeb42af\" class=\"wp-block-image size-full is-style-default wp-duotone-unset-2 wp-lightbox-container\"><img fetchpriority=\"high\" decoding=\"async\" width=\"500\" height=\"666\" data-wp-class--hide=\"state.isContentHidden\" data-wp-class--show=\"state.isContentVisible\" data-wp-init=\"callbacks.setButtonStyles\" data-wp-on--click=\"actions.showLightbox\" data-wp-on--load=\"callbacks.setButtonStyles\" data-wp-on-window--resize=\"callbacks.setButtonStyles\" data-id=\"56\" src=\"http:\/\/localhost:8080\/dbwptest2\/wp-content\/uploads\/2026\/03\/brugerfoto.jpg\" alt=\"\" class=\"wp-image-56\" style=\"aspect-ratio:9\/16\"\/><button\n\t\t\tclass=\"lightbox-trigger\"\n\t\t\ttype=\"button\"\n\t\t\taria-haspopup=\"dialog\"\n\t\t\taria-label=\"Forst\u00f8r\"\n\t\t\tdata-wp-init=\"callbacks.initTriggerButton\"\n\t\t\tdata-wp-on--click=\"actions.showLightbox\"\n\t\t\tdata-wp-style--right=\"state.imageButtonRight\"\n\t\t\tdata-wp-style--top=\"state.imageButtonTop\"\n\t\t>\n\t\t\t<svg xmlns=\"http:\/\/www.w3.org\/2000\/svg\" width=\"12\" height=\"12\" fill=\"none\" viewBox=\"0 0 12 12\">\n\t\t\t\t<path fill=\"#fff\" d=\"M2 0a2 2 0 0 0-2 2v2h1.5V2a.5.5 0 0 1 .5-.5h2V0H2Zm2 10.5H2a.5.5 0 0 1-.5-.5V8H0v2a2 2 0 0 0 2 2h2v-1.5ZM8 12v-1.5h2a.5.5 0 0 0 .5-.5V8H12v2a2 2 0 0 1-2 2H8Zm2-12a2 2 0 0 1 2 2v2h-1.5V2a.5.5 0 0 0-.5-.5H8V0h2Z\" \/>\n\t\t\t<\/svg>\n\t\t<\/button><\/figure>\n<\/figure>\n<\/div>\n\n\n\n<div class=\"wp-block-column is-layout-flow wp-block-column-is-layout-flow\">\n<h2 class=\"wp-block-heading has-x-large-font-size\">Dag 2<\/h2>\n\n\n\n<p class=\"has-medium-font-size\">Det er dag 2 i wordpress og jeg har allerede hovedpine. Der er mange nye ting man skal l\u00e6re, men der er regler p\u00e5 alt p\u00e5 siden. Man kan ikke save eller publish siden uden en Titel, selv med &#8220;No-title template&#8221;. Der skal v\u00e6re en titel et eller andet sted p\u00e5 siden.<\/p>\n\n\n\n<p class=\"has-medium-font-size\">Det tog mig over 20 minutter at f\u00e5 mit billedet vendt om. Det gik fra horisontal til vertikal. Jeg kan ikke finde nogle steder at \u00e6ndre h\u00f8jde p\u00e5 billederne p\u00e5.<\/p>\n\n\n\n<p class=\"has-medium-font-size\">Man kan crop sine billeder, men nogle af \u00e6ndringer virker ikke p\u00e5 grund af visse regler, som jeg stadig skal l\u00e6re. Indtil videre har det vore 10\/10 ragebait at lave en forside p\u00e5 WordPress.<\/p>\n\n\n\n<div class=\"wp-block-buttons is-content-justification-center is-layout-flex wp-container-core-buttons-is-layout-a89b3969 wp-block-buttons-is-layout-flex\">\n<div class=\"wp-block-button is-style-outline is-style-outline--4\"><a class=\"wp-block-button__link has-text-align-center wp-element-button\" href=\"http:\/\/apta55.web.videndjurs.dk\/post\/\">G\u00e5 til mine posts.<\/a><\/div>\n<\/div>\n<\/div>\n<\/div>\n\n\n\n<hr class=\"wp-block-separator has-alpha-channel-opacity\"\/>\n\n\n\n<div class=\"wp-block-columns is-layout-flex wp-container-core-columns-is-layout-28f84493 wp-block-columns-is-layout-flex\">\n<div class=\"wp-block-column is-layout-flow wp-block-column-is-layout-flow\">\n<figure class=\"wp-block-embed is-type-video is-provider-youtube wp-block-embed-youtube wp-embed-aspect-16-9 wp-has-aspect-ratio\"><div class=\"wp-block-embed__wrapper\">\n<iframe title=\"NO WAYY!!\" width=\"500\" height=\"281\" src=\"https:\/\/www.youtube.com\/embed\/DkDTx3B_1rM?feature=oembed\" frameborder=\"0\" allow=\"accelerometer; autoplay; clipboard-write; encrypted-media; gyroscope; picture-in-picture; web-share\" referrerpolicy=\"strict-origin-when-cross-origin\" allowfullscreen><\/iframe>\n<\/div><\/figure>\n<\/div>\n<\/div>\n","protected":false},"excerpt":{"rendered":"<p>HER KAN DU SE HVILKEN DAG DET ER Dag 2 Det er dag 2 i wordpress og jeg har allerede hovedpine. Der er mange nye ting man skal l\u00e6re, men der er regler p\u00e5 alt p\u00e5 siden. Man kan ikke save eller publish siden uden en Titel, selv med &#8220;No-title template&#8221;. Der skal v\u00e6re en [&hellip;]<\/p>\n","protected":false},"author":1,"featured_media":0,"parent":0,"menu_order":0,"comment_status":"closed","ping_status":"closed","template":"page-no-title","meta":{"footnotes":""},"class_list":["post-50","page","type-page","status-publish","hentry"],"_links":{"self":[{"href":"http:\/\/apta55.web.videndjurs.dk\/apta2wp\/wp-json\/wp\/v2\/pages\/50","targetHints":{"allow":["GET"]}}],"collection":[{"href":"http:\/\/apta55.web.videndjurs.dk\/apta2wp\/wp-json\/wp\/v2\/pages"}],"about":[{"href":"http:\/\/apta55.web.videndjurs.dk\/apta2wp\/wp-json\/wp\/v2\/types\/page"}],"author":[{"embeddable":true,"href":"http:\/\/apta55.web.videndjurs.dk\/apta2wp\/wp-json\/wp\/v2\/users\/1"}],"replies":[{"embeddable":true,"href":"http:\/\/apta55.web.videndjurs.dk\/apta2wp\/wp-json\/wp\/v2\/comments?post=50"}],"version-history":[{"count":10,"href":"http:\/\/apta55.web.videndjurs.dk\/apta2wp\/wp-json\/wp\/v2\/pages\/50\/revisions"}],"predecessor-version":[{"id":76,"href":"http:\/\/apta55.web.videndjurs.dk\/apta2wp\/wp-json\/wp\/v2\/pages\/50\/revisions\/76"}],"wp:attachment":[{"href":"http:\/\/apta55.web.videndjurs.dk\/apta2wp\/wp-json\/wp\/v2\/media?parent=50"}],"curies":[{"name":"wp","href":"https:\/\/api.w.org\/{rel}","templated":true}]}}